{"id":1295,"date":"2016-02-26T15:21:40","date_gmt":"2016-02-26T15:21:40","guid":{"rendered":"https:\/\/www.soce.cat\/home-v3\/"},"modified":"2024-05-24T10:59:19","modified_gmt":"2024-05-24T09:59:19","slug":"home-v3","status":"publish","type":"page","link":"https:\/\/www.soce.cat\/es\/","title":{"rendered":"Inicio"},"content":{"rendered":"<p>[vc_row full_width=\u00bbstretch_row_content\u00bb equal_height=\u00bbyes\u00bb content_placement=\u00bbmiddle\u00bb css=\u00bb.vc_custom_1588603425637{margin-top: 0px !important;margin-bottom: 0px !important;}\u00bb el_class=\u00bbno_mostrar\u00bb][vc_column width=\u00bb5\/12&#8243; css=\u00bb.vc_custom_1511489205293{background-color: #f5c718 !important;}\u00bb]<div class=\"ult-spacer spacer-69e29b3adbec1\" data-id=\"69e29b3adbec1\" data-height=\"100\" data-height-mobile=\"40\" data-height-tab=\"60\" data-height-tab-portrait=\"60\" data-height-mobile-landscape=\"40\" style=\"clear:both;display:block;\"><\/div>[vc_row_inner][vc_column_inner width=\u00bb5\/12&#8243;][\/vc_column_inner][vc_column_inner css=\u00bb.vc_custom_1456501329766{padding-right: 50px !important;padding-left: 50px !important;}\u00bb offset=\u00bbvc_col-lg-7 vc_col-md-7 vc_col-xs-12&#8243;]<div id=\"ultimate-heading-81869e29b3adbeec\" class=\"uvc-heading ult-adjust-bottom-margin ultimate-heading-81869e29b3adbeec uvc-115 \" data-hspacer=\"line_only\"  data-halign=\"left\" style=\"text-align:left\"><div class=\"uvc-main-heading ult-responsive\"  data-ultimate-target='.uvc-heading.ultimate-heading-81869e29b3adbeec h2'  data-responsive-json-new='{\"font-size\":\"desktop:24px;tablet:22px;tablet_portrait:20px;mobile_landscape:18px;mobile:16px;\",\"line-height\":\"\"}' ><h2 style=\"font-family:'Montserrat';font-weight:700;color:#ffffff;\">GU\u00cdA 2019 DE FORMACI\u00d3N<\/h2><\/div><div class=\"uvc-heading-spacer line_only\" style=\"margin-top:10px;margin-bottom:30px;height:1px;\"><span class=\"uvc-headings-line\" style=\"border-style:solid;border-bottom-width:1px;border-color:#f9f9f9;width:70px;\"><\/span><\/div><div class=\"uvc-sub-heading ult-responsive\"  data-ultimate-target='.uvc-heading.ultimate-heading-81869e29b3adbeec .uvc-sub-heading '  data-responsive-json-new='{\"font-size\":\"desktop:14px;\",\"line-height\":\"desktop:26px;\"}'  style=\"font-family:'Open Sans';font-weight:normal;color:#f9f9f9;\">La nueva <strong> Gu\u00eda 2019 de formaci\u00f3n <\/strong> te ofrece cursos de inform\u00e1tica, idiomas y de industria y prevenci\u00f3n:<\/p>\n<ul>\n<li>Cursos de Formaci\u00f3n Profesionalizadora.<\/li>\n<li>Cursos de reciclaje para trabajadores.<\/li>\n<li>Formaci\u00f3n de reciclaje para tenderos y empresarios.<\/li>\n<\/ul>\n<p><\/div><\/div><div class=\"ult-spacer spacer-69e29b3adbf10\" data-id=\"69e29b3adbf10\" data-height=\"30\" data-height-mobile=\"15\" data-height-tab=\"20\" data-height-tab-portrait=\"20\" data-height-mobile-landscape=\"15\" style=\"clear:both;display:block;\"><\/div><div class=\" ubtn-ctn-left \"><a class=\"ubtn-link ult-adjust-bottom-margin ubtn-left ubtn-custom \" href = \"https:\/\/www.soce.cat\/wp-content\/uploads\/2019\/04\/GUIA-DE-FORMACIO\u0301-VILA-SECA-2019.pdf\" target=' _blank' ><button type=\"button\" id=\"ubtn-4363\" class=\"ubtn ult-adjust-bottom-margin ult-responsive ubtn-custom ubtn-no-hover-bg  none  ubtn-left   tooltip-69e29b3adbf56\"  data-hover=\"#ffc016\" data-border-color=\"#ffffff\" data-bg=\"rgba(224,224,224,0.01)\" data-hover-bg=\"#f9f9f9\" data-border-hover=\"#ffffff\" data-shadow-hover=\"\" data-shadow-click=\"none\" data-shadow=\"\" data-shd-shadow=\"\"  data-ultimate-target='#ubtn-4363'  data-responsive-json-new='{\"font-size\":\"desktop:14px;\",\"line-height\":\"\"}'  style=\"font-family:'Open Sans';font-weight:600;width:250px;min-height:40px;padding:7px 10px;border-radius:3px;border-width:1px;border-color:#ffffff;border-style:solid;background: rgba(224,224,224,0.01);color: #ffffff;\"><span class=\"ubtn-hover\" style=\"background-color:#f9f9f9\"><\/span><span class=\"ubtn-data ubtn-text \" >Descarga la GU\u00edA 2019<\/span><\/button><\/a><\/div>[\/vc_column_inner][\/vc_row_inner]<div class=\"ult-spacer spacer-69e29b3adbf89\" data-id=\"69e29b3adbf89\" data-height=\"100\" data-height-mobile=\"40\" data-height-tab=\"60\" data-height-tab-portrait=\"60\" data-height-mobile-landscape=\"40\" style=\"clear:both;display:block;\"><\/div>[\/vc_column][vc_column width=\u00bb7\/12&#8243; css=\u00bb.vc_custom_1456501389335{background-color: #f2f2f2 !important;}\u00bb]<div class=\"ult-spacer spacer-69e29b3adbf95\" data-id=\"69e29b3adbf95\" data-height=\"115\" data-height-mobile=\"40\" data-height-tab=\"60\" data-height-tab-portrait=\"60\" data-height-mobile-landscape=\"40\" style=\"clear:both;display:block;\"><\/div>[vc_row_inner css=\u00bb.vc_custom_1456501710503{padding-left: 30px !important;}\u00bb][vc_column_inner width=\u00bb1\/3&#8243;]<div class=\"aio-icon-component    style_2\"><div id=\"Info-box-wrap-4311\" class=\"aio-icon-box left-icon\" style=\"\"  ><div class=\"aio-icon-left\"><div class=\"ult-just-icon-wrapper  \"><div class=\"align-icon\" style=\"text-align:center;\">\n<div class=\"aio-icon none \"  style=\"color:#3d4a6e;font-size:40px;display:inline-block;\">\n\t<i class=\"icomoon-uniE70E\"><\/i>\n<\/div><\/div><\/div><\/div><div class=\"aio-ibd-block\"><div class=\"aio-icon-header\" ><h3 class=\"aio-icon-title ult-responsive\"  data-ultimate-target='#Info-box-wrap-4311 .aio-icon-title'  data-responsive-json-new='{\"font-size\":\"desktop:18px;\",\"line-height\":\"\"}'  style=\"font-family:'Open Sans';font-weight:600;color:#3d4a6e;\">Fem Ocupaci\u00f3 per a Joves <\/h3><\/div> <!-- header --><div class=\"aio-icon-description ult-responsive\"  data-ultimate-target='#Info-box-wrap-4311 .aio-icon-description'  data-responsive-json-new='{\"font-size\":\"desktop:14px;\",\"line-height\":\"desktop:26px;\"}'  style=\"font-family:'Open Sans';color:#848899;\"><a href=\"https:\/\/www.soce.cat\/fem-ocupacio-per-a-joves\/\">Fem Ocupaci\u00f3 per a Joves<\/a> es un programa que permite desarrollar actuaciones ocupacionales para favorecer la inserci\u00f3n laboral de los j\u00f3venes y al mismo tiempo atender las necesidades de las empresas.<\/div> <!-- description --><\/div> <!-- aio-ibd-block --><\/div> <!-- aio-icon-box --><\/div> <!-- aio-icon-component -->[\/vc_column_inner][vc_column_inner width=\u00bb1\/3&#8243;]<div class=\"aio-icon-component    style_2\"><div id=\"Info-box-wrap-1628\" class=\"aio-icon-box left-icon\" style=\"\"  ><div class=\"aio-icon-left\"><div class=\"ult-just-icon-wrapper  \"><div class=\"align-icon\" style=\"text-align:center;\">\n<div class=\"aio-icon none \"  style=\"color:#3d4a6e;font-size:40px;display:inline-block;\">\n\t<i class=\"icomoon-uniE820\"><\/i>\n<\/div><\/div><\/div><\/div><div class=\"aio-ibd-block\"><div class=\"aio-icon-header\" ><h3 class=\"aio-icon-title ult-responsive\"  data-ultimate-target='#Info-box-wrap-1628 .aio-icon-title'  data-responsive-json-new='{\"font-size\":\"desktop:18px;\",\"line-height\":\"\"}'  style=\"font-family:'Open Sans';font-weight:600;color:#3d4a6e;\">Joves per l'ocupaci\u00f3<\/h3><\/div> <!-- header --><div class=\"aio-icon-description ult-responsive\"  data-ultimate-target='#Info-box-wrap-1628 .aio-icon-description'  data-responsive-json-new='{\"font-size\":\"desktop:14px;\",\"line-height\":\"desktop:26px;\"}'  style=\"font-family:'Open Sans';color:#848899;\"><a href=\"https:\/\/www.soce.cat\/joves-per-locupacio\/\">Joves per l&#8217;Ocupaci\u00f3<\/a> es un programa que tiene por objetivo la formaci\u00f3n y la inserci\u00f3n laboral.<\/div> <!-- description --><\/div> <!-- aio-ibd-block --><\/div> <!-- aio-icon-box --><\/div> <!-- aio-icon-component -->[\/vc_column_inner][vc_column_inner width=\u00bb1\/3&#8243;][\/vc_column_inner][\/vc_row_inner]<div class=\"ult-spacer spacer-69e29b3adc061\" data-id=\"69e29b3adc061\" data-height=\"60\" data-height-mobile=\"40\" data-height-tab=\"60\" data-height-tab-portrait=\"60\" data-height-mobile-landscape=\"40\" style=\"clear:both;display:block;\"><\/div>[\/vc_column][\/vc_row][vc_row full_width=\u00bbstretch_row\u00bb css=\u00bb.vc_custom_1456921127009{margin-top: 0px !important;margin-bottom: 0px !important;}\u00bb][vc_column]<div class=\"ult-spacer spacer-69e29b3adc071\" data-id=\"69e29b3adc071\" data-height=\"50\" data-height-mobile=\"30\" data-height-tab=\"40\" data-height-tab-portrait=\"40\" data-height-mobile-landscape=\"30\" style=\"clear:both;display:block;\"><\/div>[\/vc_column][vc_column width=\u00bb5\/12&#8243;]<div class=\"ult-spacer spacer-69e29b3adc080\" data-id=\"69e29b3adc080\" data-height=\"40\" data-height-mobile=\"0\" data-height-tab=\"30\" data-height-tab-portrait=\"30\" data-height-mobile-landscape=\"0\" style=\"clear:both;display:block;\"><\/div><div id=\"ultimate-heading-500369e29b3adc09c\" class=\"uvc-heading ult-adjust-bottom-margin ultimate-heading-500369e29b3adc09c uvc-4263 \" data-hspacer=\"no_spacer\"  data-halign=\"right\" style=\"text-align:right\"><div class=\"uvc-heading-spacer no_spacer\" style=\"top\"><\/div><div class=\"uvc-main-heading ult-responsive\"  data-ultimate-target='.uvc-heading.ultimate-heading-500369e29b3adc09c h2'  data-responsive-json-new='{\"font-size\":\"desktop:30px;tablet:28px;tablet_portrait:26px;mobile_landscape:24px;mobile:22px;\",\"line-height\":\"\"}' ><h2 style=\"font-family:'Montserrat';font-weight:700;color:#343c56;margin-bottom:5px;\">SERVICIOS<\/h2><\/div><div class=\"uvc-sub-heading ult-responsive\"  data-ultimate-target='.uvc-heading.ultimate-heading-500369e29b3adc09c .uvc-sub-heading '  data-responsive-json-new='{\"font-size\":\"desktop:15px;\",\"line-height\":\"\"}'  style=\"font-family:'Montserrat';font-weight:600;color:#343c56;\">Ocupaci\u00f3n y empresa<\/div><\/div><div class=\"ult-spacer spacer-69e29b3adc0ab\" data-id=\"69e29b3adc0ab\" data-height=\"30\" data-height-mobile=\"15\" data-height-tab=\"20\" data-height-tab-portrait=\"20\" data-height-mobile-landscape=\"15\" style=\"clear:both;display:block;\"><\/div>[vc_column_text]<\/p>\n<p style=\"text-align: right;\">En SOCE gestionamos programas p\u00fablicos relacionados con mejora de la empleabilidad de las personas y la creaci\u00f3n de empresa.<\/p>\n<p style=\"text-align: right;\">Aunque las convocatorias van variando a lo largo del tiempo nuestros servicios se estructuran en 4 grandes \u00e1mbitos de actuaci\u00f3n.<\/p>\n<p>[\/vc_column_text]<div class=\"ult-spacer spacer-69e29b3adc0b3\" data-id=\"69e29b3adc0b3\" data-height=\"20\" data-height-mobile=\"10\" data-height-tab=\"15\" data-height-tab-portrait=\"15\" data-height-mobile-landscape=\"10\" style=\"clear:both;display:block;\"><\/div>[\/vc_column][vc_column width=\u00bb7\/12&#8243;][vc_row_inner][vc_column_inner width=\u00bb1\/2&#8243;]<div class=\"ult-new-ib ult-ib-effect-style2  ult-ib-resp  \" data-min-width=\"768\" data-max-width=\"900\" style=\"background:#00517c;\" data-opacity=\"0.6\" data-hover-opacity=\"0.1\" ><img decoding=\"async\" class=\"ult-new-ib-img\" style=\"opacity:0.6;\" alt=\"null\" src=\"https:\/\/www.soce.cat\/wp-content\/uploads\/2016\/02\/Captura-de-pantalla-2017-11-24-13.03.16.png\"   \/><div id=\"interactive-banner-wrap-7265\" class=\"ult-new-ib-desc\" style=\"\"><h2 class=\"ult-new-ib-title ult-responsive\"  data-ultimate-target='#interactive-banner-wrap-7265 .ult-new-ib-title'  data-responsive-json-new='{\"font-size\":\"desktop:18px;\",\"line-height\":\"\"}'  style=\"font-family:'Open Sans';font-weight:700;color:#f5c718;\">BOLSA DE TRABAJO<\/h2><div class=\"ult-new-ib-content ult-responsive\"  data-ultimate-target='#interactive-banner-wrap-7265 .ult-new-ib-content'  data-responsive-json-new='{\"font-size\":\"desktop:14px;\",\"line-height\":\"\"}'  style=\"font-family:'Open Sans';font-weight:normal;color:#ffffff;\"><p>Gestionamos una bolsa de trabajo propia y de proximidad<\/p><\/div><\/div><a class=\"ult-new-ib-link\" href=\"https:\/\/www.soce.cat\/funcionament-borsa\/\" ><\/a><\/div><script type=\"text\/javascript\">\r\n\t\t\t(function($){\r\n\t\t\t\t$(document).ready(function(){\r\n\t\t\t\t\t$(\".ult-new-ib\").css(\"opacity\",\"1\");\r\n\t\t\t\t});\r\n\t\t\t})(jQuery);\r\n\t\t\t<\/script>[\/vc_column_inner][vc_column_inner width=\u00bb1\/2&#8243;]<div class=\"ult-new-ib ult-ib-effect-style2  ult-ib-resp  \" data-min-width=\"768\" data-max-width=\"900\" style=\"background:#00517c;\" data-opacity=\"0.6\" data-hover-opacity=\"0.1\" ><img decoding=\"async\" class=\"ult-new-ib-img\" style=\"opacity:0.6;\" alt=\"null\" src=\"https:\/\/www.soce.cat\/wp-content\/uploads\/2016\/02\/Captura-de-pantalla-2017-11-24-13.05.35.png\"   \/><div id=\"interactive-banner-wrap-5689\" class=\"ult-new-ib-desc\" style=\"\"><h2 class=\"ult-new-ib-title ult-responsive\"  data-ultimate-target='#interactive-banner-wrap-5689 .ult-new-ib-title'  data-responsive-json-new='{\"font-size\":\"desktop:18px;\",\"line-height\":\"\"}'  style=\"font-family:'Open Sans';font-weight:700;color:#ffc016;\">FORMACI\u00d3N OCUPACIONAL<\/h2><div class=\"ult-new-ib-content ult-responsive\"  data-ultimate-target='#interactive-banner-wrap-5689 .ult-new-ib-content'  data-responsive-json-new='{\"font-size\":\"desktop:14px;\",\"line-height\":\"\"}'  style=\"font-family:'Open Sans';font-weight:normal;color:#ffffff;\"><p>Gestionamos programas de formaci\u00f3n profesional no reglada<\/p><\/div><\/div><a class=\"ult-new-ib-link\" href=\"https:\/\/www.soce.cat\/oferta-formativa\/\" ><\/a><\/div><script type=\"text\/javascript\">\r\n\t\t\t(function($){\r\n\t\t\t\t$(document).ready(function(){\r\n\t\t\t\t\t$(\".ult-new-ib\").css(\"opacity\",\"1\");\r\n\t\t\t\t});\r\n\t\t\t})(jQuery);\r\n\t\t\t<\/script>[\/vc_column_inner][\/vc_row_inner][vc_row_inner][vc_column_inner width=\u00bb1\/2&#8243;]<div class=\"ult-new-ib ult-ib-effect-style2  ult-ib-resp  \" data-min-width=\"768\" data-max-width=\"900\" style=\"background:#00517c;\" data-opacity=\"0.6\" data-hover-opacity=\"0.1\" ><img decoding=\"async\" class=\"ult-new-ib-img\" style=\"opacity:0.6;\" alt=\"null\" src=\"https:\/\/www.soce.cat\/wp-content\/uploads\/2016\/02\/Captura-de-pantalla-2017-11-24-13.06.05.png\"   \/><div id=\"interactive-banner-wrap-4442\" class=\"ult-new-ib-desc\" style=\"\"><h2 class=\"ult-new-ib-title ult-responsive\"  data-ultimate-target='#interactive-banner-wrap-4442 .ult-new-ib-title'  data-responsive-json-new='{\"font-size\":\"desktop:18px;\",\"line-height\":\"\"}'  style=\"font-family:'Open Sans';font-weight:700;color:#ffc016;\">PROGRAMAS PARA J\u00d3VENES<\/h2><div class=\"ult-new-ib-content ult-responsive\"  data-ultimate-target='#interactive-banner-wrap-4442 .ult-new-ib-content'  data-responsive-json-new='{\"font-size\":\"desktop:14px;\",\"line-height\":\"\"}'  style=\"font-family:'Open Sans';font-weight:normal;color:#ffffff;\"><p>Gestionamos programas de Orientaci\u00f3n y Formaci\u00f3n dirigidos a j\u00f3venes<\/p><\/div><\/div><a class=\"ult-new-ib-link\" href=\"\" ><\/a><\/div><script type=\"text\/javascript\">\r\n\t\t\t(function($){\r\n\t\t\t\t$(document).ready(function(){\r\n\t\t\t\t\t$(\".ult-new-ib\").css(\"opacity\",\"1\");\r\n\t\t\t\t});\r\n\t\t\t})(jQuery);\r\n\t\t\t<\/script>[\/vc_column_inner][vc_column_inner width=\u00bb1\/2&#8243;]<div class=\"ult-new-ib ult-ib-effect-style2  ult-ib-resp  \" data-min-width=\"768\" data-max-width=\"900\" style=\"background:#00517c;\" data-opacity=\"0.6\" data-hover-opacity=\"0.1\" ><img decoding=\"async\" class=\"ult-new-ib-img\" style=\"opacity:0.6;\" alt=\"null\" src=\"https:\/\/www.soce.cat\/wp-content\/uploads\/2016\/02\/Captura-de-pantalla-2017-11-24-13.06.38.png\"   \/><div id=\"interactive-banner-wrap-1206\" class=\"ult-new-ib-desc\" style=\"\"><h2 class=\"ult-new-ib-title ult-responsive\"  data-ultimate-target='#interactive-banner-wrap-1206 .ult-new-ib-title'  data-responsive-json-new='{\"font-size\":\"desktop:18px;\",\"line-height\":\"\"}'  style=\"font-family:'Open Sans';font-weight:700;color:#ffc016;\">CREACI\u00d3N DE EMPRESAS<\/h2><div class=\"ult-new-ib-content ult-responsive\"  data-ultimate-target='#interactive-banner-wrap-1206 .ult-new-ib-content'  data-responsive-json-new='{\"font-size\":\"desktop:14px;\",\"line-height\":\"\"}'  style=\"font-family:'Open Sans';font-weight:normal;color:#ffffff;\"><p>Ofrecemos soporte en la creaci\u00f3n de empresas y su consolidaci\u00f3n<\/p><\/div><\/div><a class=\"ult-new-ib-link\" href=\"\" ><\/a><\/div><script type=\"text\/javascript\">\r\n\t\t\t(function($){\r\n\t\t\t\t$(document).ready(function(){\r\n\t\t\t\t\t$(\".ult-new-ib\").css(\"opacity\",\"1\");\r\n\t\t\t\t});\r\n\t\t\t})(jQuery);\r\n\t\t\t<\/script>[\/vc_column_inner][\/vc_row_inner]<div class=\"ult-spacer spacer-69e29b3adcd15\" data-id=\"69e29b3adcd15\" data-height=\"100\" data-height-mobile=\"50\" data-height-tab=\"70\" data-height-tab-portrait=\"70\" data-height-mobile-landscape=\"50\" style=\"clear:both;display:block;\"><\/div>[\/vc_column][\/vc_row][vc_row bg_type=\u00bbbg_color\u00bb bg_override=\u00bbfull\u00bb equal_height=\u00bbyes\u00bb bg_color_value=\u00bb#f5c718&#8243;][vc_column]<div class=\"ult-spacer spacer-69e29b3adcd1f\" data-id=\"69e29b3adcd1f\" data-height=\"20\" data-height-mobile=\"15\" data-height-tab=\"20\" data-height-tab-portrait=\"20\" data-height-mobile-landscape=\"15\" style=\"clear:both;display:block;\"><\/div>[\/vc_column][vc_column width=\u00bb2\/3&#8243;]<div id=\"ultimate-heading-415369e29b3adcd39\" class=\"uvc-heading ult-adjust-bottom-margin ultimate-heading-415369e29b3adcd39 uvc-8025 \" data-hspacer=\"no_spacer\"  data-halign=\"center\" style=\"text-align:center\"><div class=\"uvc-heading-spacer no_spacer\" style=\"top\"><\/div><div class=\"uvc-main-heading ult-responsive\"  data-ultimate-target='.uvc-heading.ultimate-heading-415369e29b3adcd39 h2'  data-responsive-json-new='{\"font-size\":\"desktop:32px;tablet:30px;tablet_portrait:28px;mobile_landscape:26px;mobile:20px;\",\"line-height\":\"\"}' ><h2 style=\"font-family:'Montserrat';font-weight:700;color:#333333;margin-top:5px;\">Con\u00e9ctate a tu \u00e1rea personal<\/h2><\/div><\/div>[\/vc_column][vc_column width=\u00bb1\/3&#8243;]\r\n\t\t\t<div class=\"ult_dual_button  ult-adjust-bottom-margin to-center  \"  data-response=\"on\" id=\"ult_btn_1015099831\">\r\n\r\n\t\t\t<div id=\"dualbtn-5600\" class=\"ulitmate_dual_buttons ult-dual-btn ult_main_dualbtn \" data-bcolor=\"#333333\"data-bhcolor=\"\">\r\n\r\n\t\t\t<div class=\"ult_dualbutton-wrapper btn-inline place-template bt1 \"><a href = \"https:\/\/www.soce.cat\/es\/area-privada\/\" target=''class=\"ult_ivan_button   round-square  with-icon icon-before with-text place-template ult_dual1\" style=\";margin-right:px;;background-color:rgba(0,0,0,0.01) !important;; border-color:#333333;border-style:solid;border-width:1px;border-radius:3px;width:150px;;\">\r\n\t\t\t<span class=\"ult-dual-btn-1 Style 1\" style=\"\"  data-bgcolor=\"rgba(0,0,0,0.01)\" data-bghovercolor=\"#333333\" data-icon_color=\"#333333\" data-icon_hover_color=\"#333333\" data-textcolor=\"#333333\" data-texthovercolor=\"#ffc016\" data-iconbgcolor=\"transperent\" data-iconbghovercolor=\"transperent\" data-iconborder=\"transperent\" data-iconhoverborder=\"transperent\" >\r\n\t\t\t<span class=\"icon-simple icon-left1 ult_btn1span ult-dual-btn-no-icon\"  style=\";padding-left:0px; \"><\/span>\r\n\t\t\t<span class=\"text-btn ult-dual-button-title ult-responsive\"  data-ultimate-target='#dualbtn-5600 .ult-dual-button-title'  data-responsive-json-new='{\"font-size\":\"desktop:16px;\",\"line-height\":\"desktop:15px;\"}'  style=\"font-family:Open Sans;font-weight:600;color:#333333;\">Conecta<\/span>\r\n\r\n\t\t\t<\/span>\r\n\t\t\t<\/a><span class=\"middle-text\" style=\"line-height: 1.8em;color:#333333;background-color:#ffffff;border-width:0px;\">\r\n\t\t\t<span class=\"middle-inner\"  >o<\/span>\r\n\t\t\t<\/span>\r\n\r\n\t\t\t<\/div>\r\n\r\n\t\t\t<div class=\"ult_dualbutton-wrapper btn-inline place-template btn2 \"><a href = \"https:\/\/www.soce.cat\/es\/registrate\/\" target='' class=\"ult_ivan_button   round-square  with-icon icon-after with-text place-template ult_dual2\"  style=\";background-color:rgba(61,74,110,0.01) !important;;margin-left:px;;border-color:#333333;border-style:solid;border-width:1px;border-radius:3px;width:150px;\">\r\n\t\t\t<span class=\"ult-dual-btn-2 Style 1\"  data-bgcolor=\"rgba(61,74,110,0.01)\" data-bghovercolor=\"#333333\" data-icon_color=\"#333333\" data-icon_hover_color=\"#333333\" data-textcolor=\"#333333\" data-texthovercolor=\"#ffc016\" data-iconbgcolor=\"transperent\" data-iconbghovercolor=\"transperent\" data-iconborder=\"transperent\" data-iconhoverborder=\"transperent\" >\r\n\t\t\t<span class=\"text-btn ult-dual-button-title\" style=\"font-family:Open Sans;font-weight:600;color:#333333;\">Reg\u00edstrate<\/span>\r\n\r\n\t\t\t<span class=\"icon-simple icon-right2 ult_btn1span ult-dual-btn-no-icon\"  style=\";padding-left:0px; \"><\/span>\r\n\t\t\t<\/span>\r\n\t\t\t<\/a><\/div>\r\n\t\t\t<\/div>\r\n\t\t\t<\/div>[\/vc_column][vc_column]<div class=\"ult-spacer spacer-69e29b3adcd9a\" data-id=\"69e29b3adcd9a\" data-height=\"20\" data-height-mobile=\"15\" data-height-tab=\"20\" data-height-tab-portrait=\"20\" data-height-mobile-landscape=\"15\" style=\"clear:both;display:block;\"><\/div>[\/vc_column][\/vc_row]<\/p>\n","protected":false},"excerpt":{"rendered":"<p>[vc_row full_width=\u00bbstretch_row_content\u00bb equal_height=\u00bbyes\u00bb content_placement=\u00bbmiddle\u00bb css=\u00bb.vc_custom_1588603425637{margin-top: 0px !important;margin-bottom: 0px !important;}\u00bb el_class=\u00bbno_mostrar\u00bb][vc_column width=\u00bb5\/12&#8243; css=\u00bb.vc_custom_1511489205293{background-color: #f5c718 !important;}\u00bb][vc_row_inner][vc_column_inner width=\u00bb5\/12&#8243;][\/vc_column_inner][vc_column_inner css=\u00bb.vc_custom_1456501329766{padding-right: 50px !important;padding-left: 50px !important;}\u00bb offset=\u00bbvc_col-lg-7 vc_col-md-7 vc_col-xs-12&#8243;][\/vc_column_inner][\/vc_row_inner][\/vc_column][vc_column width=\u00bb7\/12&#8243; css=\u00bb.vc_custom_1456501389335{background-color: #f2f2f2 !important;}\u00bb][vc_row_inner css=\u00bb.vc_custom_1456501710503{padding-left: 30px !important;}\u00bb][vc_column_inner width=\u00bb1\/3&#8243;][\/vc_column_inner][vc_column_inner width=\u00bb1\/3&#8243;][\/vc_column_inner][vc_column_inner width=\u00bb1\/3&#8243;][\/vc_column_inner][\/vc_row_inner][\/vc_column][\/vc_row][vc_row full_width=\u00bbstretch_row\u00bb css=\u00bb.vc_custom_1456921127009{margin-top: [&hellip;]<\/p>\n<a href=\"https:\/\/www.soce.cat\/es\/\" class=\"entry-more pro-btn pro-btn-rounded pro-btn-xxs pro-btn-flat-accent\">Read More<span class=\"screen-reader-text\"> about Inicio<\/span><\/a>","protected":false},"author":1,"featured_media":0,"parent":0,"menu_order":0,"comment_status":"closed","ping_status":"closed","template":"","meta":{"footnotes":""},"class_list":["post-1295","page","type-page","status-publish","hentry"],"_links":{"self":[{"href":"https:\/\/www.soce.cat\/es\/wp-json\/wp\/v2\/pages\/1295","targetHints":{"allow":["GET"]}}],"collection":[{"href":"https:\/\/www.soce.cat\/es\/wp-json\/wp\/v2\/pages"}],"about":[{"href":"https:\/\/www.soce.cat\/es\/wp-json\/wp\/v2\/types\/page"}],"author":[{"embeddable":true,"href":"https:\/\/www.soce.cat\/es\/wp-json\/wp\/v2\/users\/1"}],"replies":[{"embeddable":true,"href":"https:\/\/www.soce.cat\/es\/wp-json\/wp\/v2\/comments?post=1295"}],"version-history":[{"count":15,"href":"https:\/\/www.soce.cat\/es\/wp-json\/wp\/v2\/pages\/1295\/revisions"}],"predecessor-version":[{"id":1636,"href":"https:\/\/www.soce.cat\/es\/wp-json\/wp\/v2\/pages\/1295\/revisions\/1636"}],"wp:attachment":[{"href":"https:\/\/www.soce.cat\/es\/wp-json\/wp\/v2\/media?parent=1295"}],"curies":[{"name":"wp","href":"https:\/\/api.w.org\/{rel}","templated":true}]}}