{"id":1454,"date":"2022-05-12T14:57:12","date_gmt":"2022-05-12T13:57:12","guid":{"rendered":"https:\/\/www.soce.cat\/?page_id=1454"},"modified":"2022-06-07T12:31:21","modified_gmt":"2022-06-07T11:31:21","slug":"alta-oferta-de-trabajo","status":"publish","type":"page","link":"https:\/\/www.soce.cat\/es\/alta-oferta-de-trabajo\/","title":{"rendered":"Alta oferta de trabajo"},"content":{"rendered":"<p>[vc_row][vc_column][vc_column_text]En el servicio de Borsa de Treball ofrecemos a las empresas:<\/p>\n<ul>\n<li>Gesti\u00f3n de ofertas de trabajo<\/li>\n<li>Preselecci\u00f3n de candidatos.<\/li>\n<li>Env\u00edo de candidatos por diferentes m\u00e9todos (fax, e-mail, entrevistas personales, etc&#8230;)<\/li>\n<li>Seguimiento de trabajadores colocados<\/li>\n<li>Cesi\u00f3n de espacios para la realizaci\u00f3n de pruebas de selecci\u00f3n<\/li>\n<li>Informaci\u00f3n laboral<\/li>\n<\/ul>\n<p>Si desea a\u00f1adir una oferta a nuestro servicio, debe enviar la siguiente informaci\u00f3n.[\/vc_column_text][\/vc_column][\/vc_row][vc_row][vc_column][vc_column_text]<!-- inici SPIN v.3.0 js--><script src=\"https:\/\/web.soce.cat\/aplicatiu\/webServices\/views\/_iframe2.js\" data-spin_v=\"ofertes\/forms\/formOfertaAltaBorsa\" data-spin_url=\"https:\/\/web.soce.cat\/aplicatiu\/webServices\/views\/?idAplicatiu=60\"><\/script><!-- fi SPIN -->[\/vc_column_text][\/vc_column][\/vc_row]<\/p>\n","protected":false},"excerpt":{"rendered":"<p>[vc_row][vc_column][vc_column_text]En el servicio de Borsa de Treball ofrecemos a las empresas: Gesti\u00f3n de ofertas de trabajo Preselecci\u00f3n de candidatos. Env\u00edo de candidatos por diferentes m\u00e9todos (fax, e-mail, entrevistas personales, etc&#8230;) Seguimiento de trabajadores colocados Cesi\u00f3n [&hellip;]<\/p>\n<a href=\"https:\/\/www.soce.cat\/es\/alta-oferta-de-trabajo\/\" class=\"entry-more pro-btn pro-btn-rounded pro-btn-xxs pro-btn-flat-accent\">Read More<span class=\"screen-reader-text\"> about Alta oferta de trabajo<\/span><\/a>","protected":false},"author":1,"featured_media":0,"parent":0,"menu_order":0,"comment_status":"closed","ping_status":"closed","template":"","meta":{"footnotes":""},"class_list":["post-1454","page","type-page","status-publish","hentry"],"_links":{"self":[{"href":"https:\/\/www.soce.cat\/es\/wp-json\/wp\/v2\/pages\/1454","targetHints":{"allow":["GET"]}}],"collection":[{"href":"https:\/\/www.soce.cat\/es\/wp-json\/wp\/v2\/pages"}],"about":[{"href":"https:\/\/www.soce.cat\/es\/wp-json\/wp\/v2\/types\/page"}],"author":[{"embeddable":true,"href":"https:\/\/www.soce.cat\/es\/wp-json\/wp\/v2\/users\/1"}],"replies":[{"embeddable":true,"href":"https:\/\/www.soce.cat\/es\/wp-json\/wp\/v2\/comments?post=1454"}],"version-history":[{"count":3,"href":"https:\/\/www.soce.cat\/es\/wp-json\/wp\/v2\/pages\/1454\/revisions"}],"predecessor-version":[{"id":1516,"href":"https:\/\/www.soce.cat\/es\/wp-json\/wp\/v2\/pages\/1454\/revisions\/1516"}],"wp:attachment":[{"href":"https:\/\/www.soce.cat\/es\/wp-json\/wp\/v2\/media?parent=1454"}],"curies":[{"name":"wp","href":"https:\/\/api.w.org\/{rel}","templated":true}]}}