{"id":1469,"date":"2022-05-12T15:20:17","date_gmt":"2022-05-12T14:20:17","guid":{"rendered":"https:\/\/www.soce.cat\/?page_id=1469"},"modified":"2022-06-07T12:38:56","modified_gmt":"2022-06-07T11:38:56","slug":"nuevos-emprendedores","status":"publish","type":"page","link":"https:\/\/www.soce.cat\/es\/nuevos-emprendedores\/","title":{"rendered":"Nuevos emprendedores"},"content":{"rendered":"<p>[vc_row][vc_column][vc_column_text]<\/p>\n<h3>Servicio de emprendimiento<\/h3>\n<p>[\/vc_column_text][vc_column_text]El servicio de emprendimiento se cre\u00f3 como un servicio municipal con la voluntad de facilitar la creaci\u00f3n de nuevas empresas y proyectos de negocio.[\/vc_column_text][\/vc_column][\/vc_row][vc_row][vc_column][vc_column_text]<\/p>\n<h3>C\u00f3mo funciona<\/h3>\n<p>[\/vc_column_text][vc_column_text]Para utilizar el servicio de emprendimientoa del Ayuntamiento de Vila-seca debes rellenar el siguiente formulario:[\/vc_column_text][vc_column_text]\n<div class=\"wpcf7 no-js\" id=\"wpcf7-f1237-o1\" lang=\"es-ES\" dir=\"ltr\">\n<div class=\"screen-reader-response\"><p role=\"status\" aria-live=\"polite\" aria-atomic=\"true\"><\/p> <ul><\/ul><\/div>\n<form action=\"\/es\/wp-json\/wp\/v2\/pages\/1469#wpcf7-f1237-o1\" method=\"post\" class=\"wpcf7-form init\" aria-label=\"Formulario de contacto\" novalidate=\"novalidate\" data-status=\"init\">\n<div style=\"display: none;\">\n<input type=\"hidden\" name=\"_wpcf7\" value=\"1237\" \/>\n<input type=\"hidden\" name=\"_wpcf7_version\" value=\"5.9.8\" \/>\n<input type=\"hidden\" name=\"_wpcf7_locale\" value=\"es_ES\" \/>\n<input type=\"hidden\" name=\"_wpcf7_unit_tag\" value=\"wpcf7-f1237-o1\" \/>\n<input type=\"hidden\" name=\"_wpcf7_container_post\" value=\"0\" \/>\n<input type=\"hidden\" name=\"_wpcf7_posted_data_hash\" value=\"\" \/>\n<\/div>\n<p><label> Nom de l'assessorat<br \/>\n<span class=\"wpcf7-form-control-wrap\" data-name=\"nomAssessorat\"><input size=\"40\" maxlength=\"400\" class=\"wpcf7-form-control wpcf7-text wpcf7-validates-as-required\" aria-required=\"true\" aria-invalid=\"false\" value=\"\" type=\"text\" name=\"nomAssessorat\" \/><\/span> <\/label>\n<\/p>\n<p><label> NIF<br \/>\n<span class=\"wpcf7-form-control-wrap\" data-name=\"nif\"><input size=\"40\" maxlength=\"400\" class=\"wpcf7-form-control wpcf7-text wpcf7-validates-as-required\" aria-required=\"true\" aria-invalid=\"false\" value=\"\" type=\"text\" name=\"nif\" \/><\/span> <\/label>\n<\/p>\n<p><label> Any de naixement<br \/>\n<span class=\"wpcf7-form-control-wrap\" data-name=\"anyNaixement\"><input size=\"40\" maxlength=\"400\" class=\"wpcf7-form-control wpcf7-text wpcf7-validates-as-required\" aria-required=\"true\" aria-invalid=\"false\" value=\"\" type=\"text\" name=\"anyNaixement\" \/><\/span> <\/label>\n<\/p>\n<p><label> Nacionalitat<br \/>\n<span class=\"wpcf7-form-control-wrap\" data-name=\"nacionalitat\"><input size=\"40\" maxlength=\"400\" class=\"wpcf7-form-control wpcf7-text wpcf7-validates-as-required\" aria-required=\"true\" aria-invalid=\"false\" value=\"\" type=\"text\" name=\"nacionalitat\" \/><\/span> <\/label>\n<\/p>\n<p><label> Domicili<br \/>\n<span class=\"wpcf7-form-control-wrap\" data-name=\"domicili\"><input size=\"40\" maxlength=\"400\" class=\"wpcf7-form-control wpcf7-text wpcf7-validates-as-required\" aria-required=\"true\" aria-invalid=\"false\" value=\"\" type=\"text\" name=\"domicili\" \/><\/span> <\/label>\n<\/p>\n<p><label> Poblaci\u00f3<br \/>\n<span class=\"wpcf7-form-control-wrap\" data-name=\"poblacio\"><input size=\"40\" maxlength=\"400\" class=\"wpcf7-form-control wpcf7-text wpcf7-validates-as-required\" aria-required=\"true\" aria-invalid=\"false\" value=\"\" type=\"text\" name=\"poblacio\" \/><\/span> <\/label>\n<\/p>\n<p><label> Codi postal<br \/>\n<span class=\"wpcf7-form-control-wrap\" data-name=\"codiPostal\"><input size=\"40\" maxlength=\"400\" class=\"wpcf7-form-control wpcf7-text wpcf7-validates-as-required\" aria-required=\"true\" aria-invalid=\"false\" value=\"\" type=\"text\" name=\"codiPostal\" \/><\/span> <\/label>\n<\/p>\n<p><label> Tel\u00e8fon m\u00f2bil<br \/>\n<span class=\"wpcf7-form-control-wrap\" data-name=\"telefonMobil\"><input size=\"40\" maxlength=\"400\" class=\"wpcf7-form-control wpcf7-text wpcf7-validates-as-required\" aria-required=\"true\" aria-invalid=\"false\" value=\"\" type=\"text\" name=\"telefonMobil\" \/><\/span> <\/label>\n<\/p>\n<p><label> Tel\u00e8fon fix<br \/>\n<span class=\"wpcf7-form-control-wrap\" data-name=\"telefonFix\"><input size=\"40\" maxlength=\"400\" class=\"wpcf7-form-control wpcf7-text wpcf7-validates-as-required\" aria-required=\"true\" aria-invalid=\"false\" value=\"\" type=\"text\" name=\"telefonFix\" \/><\/span> <\/label>\n<\/p>\n<p><label> Correu electr\u00f2nic<br \/>\n<span class=\"wpcf7-form-control-wrap\" data-name=\"emailPersonal\"><input size=\"40\" maxlength=\"400\" class=\"wpcf7-form-control wpcf7-email wpcf7-validates-as-required wpcf7-text wpcf7-validates-as-email\" aria-required=\"true\" aria-invalid=\"false\" value=\"\" type=\"email\" name=\"emailPersonal\" \/><\/span> <\/label>\n<\/p>\n<p><label> Data sol\u00b7licitud<br \/>\n<span class=\"wpcf7-form-control-wrap\" data-name=\"dataSollicitud\"><input class=\"wpcf7-form-control wpcf7-date wpcf7-validates-as-required wpcf7-validates-as-date\" aria-required=\"true\" aria-invalid=\"false\" value=\"\" type=\"date\" name=\"dataSollicitud\" \/><\/span> <\/label>\n<\/p>\n<p><label> Procedent de<br \/>\n<span class=\"wpcf7-form-control-wrap\" data-name=\"procedentDe\"><input size=\"40\" maxlength=\"400\" class=\"wpcf7-form-control wpcf7-text wpcf7-validates-as-required\" aria-required=\"true\" aria-invalid=\"false\" value=\"\" type=\"text\" name=\"procedentDe\" \/><\/span> <\/label>\n<\/p>\n<p><label> Projecte<br \/>\n<span class=\"wpcf7-form-control-wrap\" data-name=\"projecte\"><textarea cols=\"40\" rows=\"10\" maxlength=\"2000\" class=\"wpcf7-form-control wpcf7-textarea wpcf7-validates-as-required\" aria-required=\"true\" aria-invalid=\"false\" name=\"projecte\"><\/textarea><\/span> <\/label>\n<\/p>\n<p><label> Necessitat d'assessorament<br \/>\n<span class=\"wpcf7-form-control-wrap\" data-name=\"your-message\"><textarea cols=\"40\" rows=\"10\" maxlength=\"2000\" class=\"wpcf7-form-control wpcf7-textarea wpcf7-validates-as-required\" aria-required=\"true\" aria-invalid=\"false\" name=\"your-message\"><\/textarea><\/span> <\/label>\n<\/p>\n<p><label> Observacions<br \/>\n<span class=\"wpcf7-form-control-wrap\" data-name=\"observacions\"><textarea cols=\"40\" rows=\"10\" maxlength=\"2000\" class=\"wpcf7-form-control wpcf7-textarea wpcf7-validates-as-required\" aria-required=\"true\" aria-invalid=\"false\" name=\"observacions\"><\/textarea><\/span> <\/label>\n<\/p>\n<p><label> <span class=\"wpcf7-form-control-wrap\" data-name=\"acceptaLOPD\"><span class=\"wpcf7-form-control wpcf7-acceptance\"><span class=\"wpcf7-list-item\"><input type=\"checkbox\" name=\"acceptaLOPD\" value=\"1\" aria-invalid=\"false\" \/><\/span><\/span><\/span> D\u2019acord amb l\u2019article 5 de la LOPD, us informem que les vostres dades seran incorporades en el fitxer \u201cAplicatiu de Spin\", el responsable del qual \u00e9s la nostra organitzaci\u00f3. Les vostres dades seran tractades amb l\u2019\u00fanica finalitat de tramitar les consultes, gestions i peticions plantejades. En qualsevol cas, podeu exercir els vostres drets d\u2019acc\u00e9s, rectificaci\u00f3, cancel\u00b7laci\u00f3 i oposici\u00f3 mitjan\u00e7ant una comunicaci\u00f3 escrita, a la qual heu d\u2019adjuntar una fotoc\u00f2pia del DNI, adre\u00e7ada a la seu de la nostra organitzaci\u00f3.<br \/>\n<input class=\"wpcf7-form-control wpcf7-submit has-spinner\" type=\"submit\" value=\"Enviar\" \/><\/label>\n<\/p><div class=\"wpcf7-response-output\" aria-hidden=\"true\"><\/div>\n<\/form>\n<\/div>\n[\/vc_column_text][\/vc_column][\/vc_row]<\/p>\n","protected":false},"excerpt":{"rendered":"<p>[vc_row][vc_column][vc_column_text] Servicio de emprendimiento [\/vc_column_text][vc_column_text]El servicio de emprendimiento se cre\u00f3 como un servicio municipal con la voluntad de facilitar la creaci\u00f3n de nuevas empresas y proyectos de negocio.[\/vc_column_text][\/vc_column][\/vc_row][vc_row][vc_column][vc_column_text] C\u00f3mo funciona [\/vc_column_text][vc_column_text]Para utilizar el servicio de [&hellip;]<\/p>\n<a href=\"https:\/\/www.soce.cat\/es\/nuevos-emprendedores\/\" class=\"entry-more pro-btn pro-btn-rounded pro-btn-xxs pro-btn-flat-accent\">Read More<span class=\"screen-reader-text\"> about Nuevos emprendedores<\/span><\/a>","protected":false},"author":1,"featured_media":0,"parent":0,"menu_order":0,"comment_status":"closed","ping_status":"closed","template":"","meta":{"footnotes":""},"class_list":["post-1469","page","type-page","status-publish","hentry"],"_links":{"self":[{"href":"https:\/\/www.soce.cat\/es\/wp-json\/wp\/v2\/pages\/1469","targetHints":{"allow":["GET"]}}],"collection":[{"href":"https:\/\/www.soce.cat\/es\/wp-json\/wp\/v2\/pages"}],"about":[{"href":"https:\/\/www.soce.cat\/es\/wp-json\/wp\/v2\/types\/page"}],"author":[{"embeddable":true,"href":"https:\/\/www.soce.cat\/es\/wp-json\/wp\/v2\/users\/1"}],"replies":[{"embeddable":true,"href":"https:\/\/www.soce.cat\/es\/wp-json\/wp\/v2\/comments?post=1469"}],"version-history":[{"count":6,"href":"https:\/\/www.soce.cat\/es\/wp-json\/wp\/v2\/pages\/1469\/revisions"}],"predecessor-version":[{"id":1475,"href":"https:\/\/www.soce.cat\/es\/wp-json\/wp\/v2\/pages\/1469\/revisions\/1475"}],"wp:attachment":[{"href":"https:\/\/www.soce.cat\/es\/wp-json\/wp\/v2\/media?parent=1469"}],"curies":[{"name":"wp","href":"https:\/\/api.w.org\/{rel}","templated":true}]}}