{"id":1476,"date":"2022-05-12T15:28:03","date_gmt":"2022-05-12T14:28:03","guid":{"rendered":"https:\/\/www.soce.cat\/?page_id=1476"},"modified":"2022-06-07T12:38:07","modified_gmt":"2022-06-07T11:38:07","slug":"funcionamiento-del-servicio-a-la-empresa","status":"publish","type":"page","link":"https:\/\/www.soce.cat\/es\/funcionamiento-del-servicio-a-la-empresa\/","title":{"rendered":"Funcionamiento del servicio a la empresa"},"content":{"rendered":"<p>[vc_row][vc_column][vc_column_text]<\/p>\n<p>El Servicio de Empleo y Creaci\u00f3n de Empresa (SOCE) dispone de una Bolsa de Trabajo propia. Tramitar ofertas desde el SOCE no supone ning\u00fan coste econ\u00f3mico para las empresas, por tratarse de un servicio del Ayuntamiento de Vila-seca.<br \/>\nPara poder tramitar la oferta de trabajo es necesario:<\/p>\n<ol>\n<li>Darse de alta al servicio del SOCE para las empresas en el apartado de Alta de empresa, llamando al 977 39 43 25 o pasando por sus oficinas en C. Hospital, 1 de Vila-seca.<\/li>\n<li>Insertar la oferta directamente mediante esta misma web con el c\u00f3digo\/password que se le facilitar\u00e1 en el momento en que la empresa se d\u00e9 de alta en el SOCE o bien contactando directamente con el SOCE.<\/li>\n<\/ol>\n<p>Le informamos que le enviaremos, como m\u00e1ximo, 10 curr\u00edculos de candidatos adecuados al puesto de trabajo solicitado para realizar la selecci\u00f3n. Una vez realizado el proceso de selecci\u00f3n, debe comunicar los motivos por los que ha seleccionado o descartado los candidatos enviados, para poder realizar un seguimiento y\/o cerrar la oferta.<\/p>\n<p>Para cualquier duda, puede dirigirse a nuestras oficinas del C. Hospital, 1 de Vila-seca o llamar al tel\u00e9fono 977 39 43 25<\/p>\n<p>[\/vc_column_text][\/vc_column][\/vc_row]<\/p>\n","protected":false},"excerpt":{"rendered":"<p>[vc_row][vc_column][vc_column_text] El Servicio de Empleo y Creaci\u00f3n de Empresa (SOCE) dispone de una Bolsa de Trabajo propia. Tramitar ofertas desde el SOCE no supone ning\u00fan coste econ\u00f3mico para las empresas, por tratarse de un servicio [&hellip;]<\/p>\n<a href=\"https:\/\/www.soce.cat\/es\/funcionamiento-del-servicio-a-la-empresa\/\" class=\"entry-more pro-btn pro-btn-rounded pro-btn-xxs pro-btn-flat-accent\">Read More<span class=\"screen-reader-text\"> about Funcionamiento del servicio a la empresa<\/span><\/a>","protected":false},"author":1,"featured_media":0,"parent":0,"menu_order":0,"comment_status":"closed","ping_status":"closed","template":"","meta":{"footnotes":""},"class_list":["post-1476","page","type-page","status-publish","hentry"],"_links":{"self":[{"href":"https:\/\/www.soce.cat\/es\/wp-json\/wp\/v2\/pages\/1476","targetHints":{"allow":["GET"]}}],"collection":[{"href":"https:\/\/www.soce.cat\/es\/wp-json\/wp\/v2\/pages"}],"about":[{"href":"https:\/\/www.soce.cat\/es\/wp-json\/wp\/v2\/types\/page"}],"author":[{"embeddable":true,"href":"https:\/\/www.soce.cat\/es\/wp-json\/wp\/v2\/users\/1"}],"replies":[{"embeddable":true,"href":"https:\/\/www.soce.cat\/es\/wp-json\/wp\/v2\/comments?post=1476"}],"version-history":[{"count":6,"href":"https:\/\/www.soce.cat\/es\/wp-json\/wp\/v2\/pages\/1476\/revisions"}],"predecessor-version":[{"id":1482,"href":"https:\/\/www.soce.cat\/es\/wp-json\/wp\/v2\/pages\/1476\/revisions\/1482"}],"wp:attachment":[{"href":"https:\/\/www.soce.cat\/es\/wp-json\/wp\/v2\/media?parent=1476"}],"curies":[{"name":"wp","href":"https:\/\/api.w.org\/{rel}","templated":true}]}}