{"id":1510,"date":"2022-06-07T10:34:29","date_gmt":"2022-06-07T09:34:29","guid":{"rendered":"https:\/\/www.soce.cat\/?page_id=1510"},"modified":"2022-06-07T12:38:16","modified_gmt":"2022-06-07T11:38:16","slug":"alta-de-empresa","status":"publish","type":"page","link":"https:\/\/www.soce.cat\/es\/alta-de-empresa\/","title":{"rendered":"Alta de empresa"},"content":{"rendered":"<p>[vc_row][vc_column][vc_column_text]En el servicio de Borsa de Treball ofrecemos a las empresas:<\/p>\n<ul>\n<li>Gesti\u00f3n de ofertas de trabajo<\/li>\n<li>Preselecci\u00f3n de candidatos.<\/li>\n<li>Env\u00edo de candidatos por diferentes m\u00e9todos (fax, e-mail, entrevistas personales, etc&#8230;)<\/li>\n<li>Seguimiento de trabajadores colocados<\/li>\n<li>Cesi\u00f3n de espacios para la realizaci\u00f3n de pruebas de selecci\u00f3n<\/li>\n<li>Informaci\u00f3n laboral<\/li>\n<\/ul>\n<p>Si desea darse de alta en nuestro servicio debe enviar la siguiente informaci\u00f3n:[\/vc_column_text][\/vc_column][\/vc_row][vc_row][vc_column][vc_column_text][\/vc_column_text][\/vc_column][\/vc_row][vc_row][vc_column][vc_column_text]<!-- inici SPIN v.3.0 js--><script src=\"https:\/\/web.soce.cat\/aplicatiu\/webServices\/views\/_iframe2.js\" data-spin_v=\"registreEmpresa\" data-spin_url=\"https:\/\/web.soce.cat\/aplicatiu\/webServices\/views\/?idAplicatiu=60\"><\/script><!-- fi SPIN -->[\/vc_column_text][\/vc_column][\/vc_row][vc_row][vc_column][vc_column_text][\/vc_column_text][\/vc_column][\/vc_row]<\/p>\n","protected":false},"excerpt":{"rendered":"<p>[vc_row][vc_column][vc_column_text]En el servicio de Borsa de Treball ofrecemos a las empresas: Gesti\u00f3n de ofertas de trabajo Preselecci\u00f3n de candidatos. Env\u00edo de candidatos por diferentes m\u00e9todos (fax, e-mail, entrevistas personales, etc&#8230;) Seguimiento de trabajadores colocados Cesi\u00f3n [&hellip;]<\/p>\n<a href=\"https:\/\/www.soce.cat\/es\/alta-de-empresa\/\" class=\"entry-more pro-btn pro-btn-rounded pro-btn-xxs pro-btn-flat-accent\">Read More<span class=\"screen-reader-text\"> about Alta de empresa<\/span><\/a>","protected":false},"author":1,"featured_media":0,"parent":0,"menu_order":0,"comment_status":"closed","ping_status":"closed","template":"","meta":{"footnotes":""},"class_list":["post-1510","page","type-page","status-publish","hentry"],"_links":{"self":[{"href":"https:\/\/www.soce.cat\/es\/wp-json\/wp\/v2\/pages\/1510","targetHints":{"allow":["GET"]}}],"collection":[{"href":"https:\/\/www.soce.cat\/es\/wp-json\/wp\/v2\/pages"}],"about":[{"href":"https:\/\/www.soce.cat\/es\/wp-json\/wp\/v2\/types\/page"}],"author":[{"embeddable":true,"href":"https:\/\/www.soce.cat\/es\/wp-json\/wp\/v2\/users\/1"}],"replies":[{"embeddable":true,"href":"https:\/\/www.soce.cat\/es\/wp-json\/wp\/v2\/comments?post=1510"}],"version-history":[{"count":5,"href":"https:\/\/www.soce.cat\/es\/wp-json\/wp\/v2\/pages\/1510\/revisions"}],"predecessor-version":[{"id":1521,"href":"https:\/\/www.soce.cat\/es\/wp-json\/wp\/v2\/pages\/1510\/revisions\/1521"}],"wp:attachment":[{"href":"https:\/\/www.soce.cat\/es\/wp-json\/wp\/v2\/media?parent=1510"}],"curies":[{"name":"wp","href":"https:\/\/api.w.org\/{rel}","templated":true}]}}